{"id":18,"date":"2020-05-11T14:31:21","date_gmt":"2020-05-11T14:31:21","guid":{"rendered":"https:\/\/farmaciaprezziscontati.it\/?page_id=18"},"modified":"2020-05-11T14:31:23","modified_gmt":"2020-05-11T14:31:23","slug":"condizioni-di-utilizzo","status":"publish","type":"page","link":"https:\/\/farmaciaprezziscontati.it\/blog\/condizioni-di-utilizzo","title":{"rendered":"Condizioni di Utilizzo"},"content":{"rendered":"\n<p><strong>Introduzione<br><\/strong>Nelle presenti Condizioni di Utilizzo sono indicate le norme che regolano i Servizi offerti da FarmaciaPrezziScontati.it e l&#8217;Utilizzo del sito  FarmaciaPrezziScontati.it.<br>La fruizione del Servizio e dei Contenunti offerti da\u00a0 FarmaciaPrezziScontati.it comporta\u00a0e presuppone l&#8217;integrale conoscenza e l&#8217;accettazione incondizionata delle regole sottoelencate.<br>Le Condizioni di Utilizzo potranno essere variate in ogni momento pubblicando una versione aggiornata degli stessi. Eventuali variazioni avranno effetto immediato.<br>Queste Condizioni di Utilizzo sono aggiornate al 06\/04\/2020.<\/p>\n\n\n\n<p><strong>Individuazione del Servizio<br><\/strong>FarmaciaPrezziScontati.it\u00a0permette agli Utenti (Destinatari del Servizio) di\u00a0consultare gratuitamente annunci online relativi principalmente ad offerte, promozioni ed alla ricerca di prezzi convenienti relativi ai prodotti venduti da farmacie e parafarmacie online.<\/p>\n\n\n\n<p><strong>Modalit\u00e0\u00a0 di Utilizzo del Servizio<br><\/strong>L&#8217;Utente prende atto che\u00a0 FarmaciaPrezziScontati.it non effettua controlli preventivi sul contenuto degli annunci immessi e, pertanto, l&#8217;Utente assume la piena ed esclusiva responsabilit\u00e0\u00a0 del comportamento tenuto, verso\u00a0 FarmaciaPrezziScontati.it e verso i terzi.<\/p>\n\n\n\n<p>L&#8217;Utente fa uso del Servizio messo a disposizione da\u00a0 FarmaciaPrezziScontati.it sapendo che quest&#8217;ultimo non garantisce alcunch\u00e8 in ordine alla veridicit\u00e0\u00a0 del contenuto degli annunci, per i quali si rimanda alla fonte originaria.<br>Pertanto,  FarmaciaPrezziScontati.it non \u00e8 in alcun modo responsabile del contenuto delle offerte, delle promozioni e dei prezzi presentati all&#8217;interno del sito.<\/p>\n\n\n\n<p>I contenuti di altri siti web raggiungibili da link proposti da  FarmaciaPrezziScontati.it sono al di fuori del controllo e della responsabilit\u00e0 di  FarmaciaPrezziScontati.it che non \u00e8&#8217; collegato a nessuno dei siti linkati, e pertanto non \u00e8 imputabile per qualsiasi violazione o danno causato da o attribuibile a tali siti.<\/p>\n\n\n\n<p>Scopo di  FarmaciaPrezziScontati.it e&#8217; quello di segnalare le promozioni, le offerte ed i prezzi pi\u00f9 interessanti della rete internet. Si raccomanda di leggere sempre i regolamenti pubblicati sui siti dei venditori.  FarmaciaPrezziScontati.it non si assume alcuna responsabilit\u00e0 per eventuali errori od omissioni inerenti al materiale pubblicato sul sito o sui siti a cui rimanda; conseguentemente,  FarmaciaPrezziScontati.it non risponde di eventuali danni derivanti dalla consultazione del sito.<\/p>\n\n\n\n<p>L&#8217;accesso ai Servizi forniti da\u00a0 FarmaciaPrezziScontati.it da parte dei minori non \u00e8 e non pu\u00f2 essere controllata in alcun modo da  FarmaciaPrezziScontati.it.<br>L&#8217;eventuale utilizzo dei Servizi da parte dei minori di 18 anni sottointende il permesso dei genitori o di chi, sugli stessi, esercita la patria potest\u00e0\u00a0 o la tutela assumendosi, questi ultimi, la responsabilit\u00e0\u00a0 per ogni comportamento del minore relativamente all&#8217;accesso, all&#8217;utilizzo, al controllo ed agli abusi del Servizio.<\/p>\n\n\n\n<p>L&#8217;Utente dichiara di utilizzare il Servizio offerto da\u00a0 FarmaciaPrezziScontati.it nella consapevolezza di poter incontrare link che possono rinviare a pagine web su cui\u00a0 FarmaciaPrezziScontati.it non ha alcun controllo e sul cui contenuto non assume alcuna responsabilit\u00e0\u00a0. Sar\u00e0\u00a0 l&#8217;Utente a dover verificare di volta in volta le Condizioni di Utilizzo delle pagine cui accede mediante i link contenuti su  FarmaciaPrezziScontati.it<\/p>\n\n\n\n<p><strong>Iscrizione Gratuita alla Newsletter e Cancellazione<br><\/strong>L&#8217;Utente prende atto che, nel momento in cui si registrer\u00e0\u00a0 al Sito  FarmaciaPrezziScontati.it, automaticamente verr\u00e0\u00a0 iscritto, attraverso il proprio indirizzo email, alla newsletter informativa\/pubblicitaria di  FarmaciaPrezziScontati.it.<br>Tale Servizio permette all&#8217;Utente di ricevere\u00a0le migliori offerte\/promozioni\u00a0inserite sul Sito e le migliori proposte del web direttamente sulla propria email in modo da essere sempre aggiornato sulle offerte e sulle promozioni migliori.<br>L&#8217;Utente potr\u00e0\u00a0 cancellare la propria iscrizione in qualsiasi momento attraverso il link di cancellazione presente in fondo all&#8217;email oppure inviando la richiesta a <a href=\"mailto:info@farmaciaprezziscontati.it\" class=\"aioseop-link\">info@farmaciaprezziscontati.it<\/a><\/p>\n\n\n\n<p><strong>Violazione delle Condizioni di Utilizzo<br><\/strong>FarmaciaPrezziScontati.it\u00a0ti invita a comunicare all&#8217;indirizzo email  <a href=\"mailto:info@farmaciaprezziscontati.it\" class=\"aioseop-link\">info@farmaciaprezziscontati.it<\/a> eventuali problemi o contenuti dannosi.<br>FarmaciaPrezziScontati.it\u00a0si riserva il diritto di limitare o vietare i Servizi, rimuovere un Contenuto ospitato o di adottare tutte le misure tecniche o legali per escludere dal Sito un Utente che abbia avuto un comportamento contrario alle regole e\/o a queste Condizioni di Utilizzo.<\/p>\n\n\n\n<p><strong>Limitazioni di Responsabilit\u00e0<br><\/strong>FarmaciaPrezziScontati.it\u00a0non ha nessun controllo o responsabilit\u00e0\u00a0 in merito alla qualit\u00e0\u00a0, sicurezza, liceit\u00e0\u00a0 delle Offerte, Promozioni e dei Prezzi indicati.\u00a0FarmaciaPrezziScontati.it non garantisce l&#8217;accesso continuo e ininterrotto al sito e ai suoi servizi, che pu\u00f2 essere condizionato da fattori al di fuori del proprio controllo.\u00a0FarmaciaPrezziScontati.it non \u00e8 in alcun modo responsabile delle perdite economiche, dei danni diretti e indiretti, anche all&#8217;immagine, eventualmente subiti dagli utenti o da terzi in conseguenza dell&#8217;utilizzo del sito o dei propri servizi.<\/p>\n\n\n\n<p><strong>Varie<br><\/strong>Il presente contratto \u00e8 regolato dalla legge italiana. Qualora una clausola di queste condizioni d&#8217;uso risulti essere nulla o inefficace, l&#8217;eventuale nullit\u00e0\u00a0 o inefficacia non si estender\u00e0\u00a0 alle restanti previsioni contrattuali. Il mancato esercizio di un proprio diritto da parte di\u00a0 FarmaciaPrezziScontati.it non rappresenta rinuncia ad agire nei tuoi confronti o nei confronti di terzi per la violazione di impegni contenuti nelle presenti Condizioni di Utilizzo.  FarmaciaPrezziScontati.it potr\u00e0\u00a0 cedere il presente Accordo in qualsiasi momento.<\/p>\n","protected":false},"excerpt":{"rendered":"<p>IntroduzioneNelle presenti Condizioni di Utilizzo sono indicate le norme che regolano i Servizi offerti da FarmaciaPrezziScontati.it e l&#8217;Utilizzo del sito FarmaciaPrezziScontati.it.La fruizione del Servizio e dei Contenunti offerti da\u00a0 FarmaciaPrezziScontati.it comporta\u00a0e presuppone l&#8217;integrale conoscenza e l&#8217;accettazione incondizionata delle regole sottoelencate.Le Condizioni di Utilizzo potranno essere variate in ogni momento pubblicando una versione aggiornata degli stessi. [&hellip;]<\/p>\n","protected":false},"author":1,"featured_media":0,"parent":0,"menu_order":0,"comment_status":"closed","ping_status":"closed","template":"","meta":{"footnotes":""},"aioseo_notices":[],"_links":{"self":[{"href":"https:\/\/farmaciaprezziscontati.it\/blog\/wp-json\/wp\/v2\/pages\/18"}],"collection":[{"href":"https:\/\/farmaciaprezziscontati.it\/blog\/wp-json\/wp\/v2\/pages"}],"about":[{"href":"https:\/\/farmaciaprezziscontati.it\/blog\/wp-json\/wp\/v2\/types\/page"}],"author":[{"embeddable":true,"href":"https:\/\/farmaciaprezziscontati.it\/blog\/wp-json\/wp\/v2\/users\/1"}],"replies":[{"embeddable":true,"href":"https:\/\/farmaciaprezziscontati.it\/blog\/wp-json\/wp\/v2\/comments?post=18"}],"version-history":[{"count":1,"href":"https:\/\/farmaciaprezziscontati.it\/blog\/wp-json\/wp\/v2\/pages\/18\/revisions"}],"predecessor-version":[{"id":19,"href":"https:\/\/farmaciaprezziscontati.it\/blog\/wp-json\/wp\/v2\/pages\/18\/revisions\/19"}],"wp:attachment":[{"href":"https:\/\/farmaciaprezziscontati.it\/blog\/wp-json\/wp\/v2\/media?parent=18"}],"curies":[{"name":"wp","href":"https:\/\/api.w.org\/{rel}","templated":true}]}}